{"id":1755,"date":"2025-11-04T22:02:26","date_gmt":"2025-11-04T22:02:26","guid":{"rendered":"https:\/\/paosfuente.com\/?post_type=product&#038;p=1755"},"modified":"2025-11-05T16:10:47","modified_gmt":"2025-11-05T16:10:47","slug":"constelaciones-familiaries","status":"publish","type":"product","link":"https:\/\/paosfuente.com\/?product=constelaciones-familiaries","title":{"rendered":"Constelaciones Familiaries"},"content":{"rendered":"<p data-start=\"0\" data-end=\"45\">\u2728 <strong data-start=\"2\" data-end=\"41\">Sesi\u00f3n de Constelaciones Familiares<\/strong> \u2728<\/p>\n<p data-start=\"47\" data-end=\"312\">Una experiencia profunda para mirar el origen de lo que hoy se manifiesta en tu vida. A trav\u00e9s de la energ\u00eda del campo y la representaci\u00f3n simb\u00f3lica, las constelaciones revelan din\u00e1micas ocultas que pueden estar limitando el amor, la abundancia o la paz interior.<\/p>\n<p data-start=\"314\" data-end=\"511\">En esta sesi\u00f3n se abre un espacio seguro y amoroso para observar, liberar y sanar lo que pertenece al sistema familiar, permitiendo que el orden y el flujo de la vida regresen a su lugar natural.<\/p>\n<p data-start=\"513\" data-end=\"560\">\ud83d\udcab <em data-start=\"516\" data-end=\"558\">Una mirada que transforma desde el alma.<\/em><\/p>\n","protected":false},"excerpt":{"rendered":"<p>\u2728 Sesi\u00f3n de Constelaciones Familiares \u2728 Una experiencia profunda para mirar el origen de lo que hoy se manifiesta en tu vida. A trav\u00e9s de la energ\u00eda del campo y la representaci\u00f3n simb\u00f3lica, las constelaciones revelan din\u00e1micas ocultas que pueden estar limitando el amor, la abundancia o la paz interior. En esta sesi\u00f3n se abre [&hellip;]<\/p>\n","protected":false},"featured_media":1754,"comment_status":"open","ping_status":"closed","template":"","meta":{"_et_pb_use_builder":"","_et_pb_old_content":"","_et_gb_content_width":""},"product_cat":[15],"product_tag":[],"_links":{"self":[{"href":"https:\/\/paosfuente.com\/index.php?rest_route=\/wp\/v2\/product\/1755"}],"collection":[{"href":"https:\/\/paosfuente.com\/index.php?rest_route=\/wp\/v2\/product"}],"about":[{"href":"https:\/\/paosfuente.com\/index.php?rest_route=\/wp\/v2\/types\/product"}],"replies":[{"embeddable":true,"href":"https:\/\/paosfuente.com\/index.php?rest_route=%2Fwp%2Fv2%2Fcomments&post=1755"}],"wp:featuredmedia":[{"embeddable":true,"href":"https:\/\/paosfuente.com\/index.php?rest_route=\/wp\/v2\/media\/1754"}],"wp:attachment":[{"href":"https:\/\/paosfuente.com\/index.php?rest_route=%2Fwp%2Fv2%2Fmedia&parent=1755"}],"wp:term":[{"taxonomy":"product_cat","embeddable":true,"href":"https:\/\/paosfuente.com\/index.php?rest_route=%2Fwp%2Fv2%2Fproduct_cat&post=1755"},{"taxonomy":"product_tag","embeddable":true,"href":"https:\/\/paosfuente.com\/index.php?rest_route=%2Fwp%2Fv2%2Fproduct_tag&post=1755"}],"curies":[{"name":"wp","href":"https:\/\/api.w.org\/{rel}","templated":true}]}}