{"id":1695,"date":"2025-02-13T00:39:47","date_gmt":"2025-02-13T00:39:47","guid":{"rendered":"https:\/\/paosfuente.com\/?post_type=product&#038;p=1695"},"modified":"2025-02-13T00:42:35","modified_gmt":"2025-02-13T00:42:35","slug":"formacion-de-tarot-rider","status":"publish","type":"product","link":"https:\/\/paosfuente.com\/?product=formacion-de-tarot-rider","title":{"rendered":"Formaci\u00f3n de Tarot Rider"},"content":{"rendered":"<h3 data-start=\"86\" data-end=\"120\"><strong data-start=\"90\" data-end=\"118\">Formaci\u00f3n en Tarot Rider<\/strong><\/h3>\n<p data-start=\"121\" data-end=\"196\"><strong data-start=\"121\" data-end=\"194\">Descubre el lenguaje simb\u00f3lico del Tarot y con\u00e9ctate con su sabidur\u00eda<\/strong><\/p>\n<p data-start=\"198\" data-end=\"474\">El Tarot es mucho m\u00e1s que un mazo de cartas: es una herramienta de autoconocimiento y evoluci\u00f3n personal. A trav\u00e9s de sus <strong data-start=\"320\" data-end=\"333\">78 cartas<\/strong>, divididas en <strong data-start=\"348\" data-end=\"367\">Arcanos Mayores<\/strong> y <strong data-start=\"370\" data-end=\"389\">Arcanos Menores<\/strong>, nos gu\u00eda en la comprensi\u00f3n de nuestras emociones, experiencias y caminos de vida.<\/p>\n<p data-start=\"476\" data-end=\"525\">\ud83d\udcda <strong data-start=\"479\" data-end=\"523\">Esta formaci\u00f3n se divide en dos niveles:<\/strong><\/p>\n<p data-start=\"527\" data-end=\"749\">\ud83d\udd2e <strong data-start=\"530\" data-end=\"562\">Formaci\u00f3n en Arcanos Mayores<\/strong> \u2013 $5.600<br data-start=\"571\" data-end=\"574\" \/>Aprender\u00e1s el significado profundo de las <strong data-start=\"616\" data-end=\"651\">22 cartas principales del Tarot<\/strong>, que representan el viaje del alma desde <strong data-start=\"693\" data-end=\"715\">El Loco (Arcano 0)<\/strong> hasta <strong data-start=\"722\" data-end=\"746\">El Mundo (Arcano 21)<\/strong>.<\/p>\n<p data-start=\"751\" data-end=\"997\">\ud83d\udd2e <strong data-start=\"754\" data-end=\"786\">Formaci\u00f3n en Arcanos Menores<\/strong> \u2013 $6.000<br data-start=\"795\" data-end=\"798\" \/>Explorar\u00e1s las <strong data-start=\"813\" data-end=\"836\">56 cartas restantes<\/strong>, que reflejan situaciones cotidianas, emociones y desaf\u00edos.<br data-start=\"896\" data-end=\"899\" \/>\u26a0\ufe0f <strong data-start=\"902\" data-end=\"995\">Para tomar esta formaci\u00f3n, es necesario haber completado la formaci\u00f3n de Arcanos Mayores.<\/strong><\/p>\n<p data-start=\"999\" data-end=\"1248\">\u2728 <strong data-start=\"1001\" data-end=\"1033\">\u00bfQu\u00e9 incluye cada formaci\u00f3n?<\/strong><br data-start=\"1033\" data-end=\"1036\" \/>\u2714\ufe0f <strong data-start=\"1039\" data-end=\"1052\">Duraci\u00f3n:<\/strong> 1 mes (4 clases en total)<br data-start=\"1078\" data-end=\"1081\" \/>\u2714\ufe0f <strong data-start=\"1084\" data-end=\"1099\">Frecuencia:<\/strong> 1 clase por semana<br data-start=\"1118\" data-end=\"1121\" \/>\u2714\ufe0f <strong data-start=\"1124\" data-end=\"1151\">Duraci\u00f3n de cada clase:<\/strong> 1 hora y media<br data-start=\"1166\" data-end=\"1169\" \/>\u2714\ufe0f <strong data-start=\"1172\" data-end=\"1194\">Temas adicionales:<\/strong> Introducci\u00f3n a la <strong data-start=\"1213\" data-end=\"1228\">Numerolog\u00eda<\/strong> aplicada al Tarot<\/p>\n<p data-start=\"1250\" data-end=\"1431\">Estas formaciones te brindar\u00e1n las bases para interpretar el Tarot de manera consciente y profunda, permiti\u00e9ndote desarrollar tu intuici\u00f3n y comprender su simbolismo con claridad.<\/p>\n","protected":false},"excerpt":{"rendered":"<p>Formaci\u00f3n en Tarot Rider Descubre el lenguaje simb\u00f3lico del Tarot y con\u00e9ctate con su sabidur\u00eda El Tarot es mucho m\u00e1s que un mazo de cartas: es una herramienta de autoconocimiento y evoluci\u00f3n personal. A trav\u00e9s de sus 78 cartas, divididas en Arcanos Mayores y Arcanos Menores, nos gu\u00eda en la comprensi\u00f3n de nuestras emociones, experiencias [&hellip;]<\/p>\n","protected":false},"featured_media":1696,"comment_status":"open","ping_status":"closed","template":"","meta":{"_et_pb_use_builder":"","_et_pb_old_content":"","_et_gb_content_width":""},"product_cat":[22],"product_tag":[],"_links":{"self":[{"href":"https:\/\/paosfuente.com\/index.php?rest_route=\/wp\/v2\/product\/1695"}],"collection":[{"href":"https:\/\/paosfuente.com\/index.php?rest_route=\/wp\/v2\/product"}],"about":[{"href":"https:\/\/paosfuente.com\/index.php?rest_route=\/wp\/v2\/types\/product"}],"replies":[{"embeddable":true,"href":"https:\/\/paosfuente.com\/index.php?rest_route=%2Fwp%2Fv2%2Fcomments&post=1695"}],"wp:featuredmedia":[{"embeddable":true,"href":"https:\/\/paosfuente.com\/index.php?rest_route=\/wp\/v2\/media\/1696"}],"wp:attachment":[{"href":"https:\/\/paosfuente.com\/index.php?rest_route=%2Fwp%2Fv2%2Fmedia&parent=1695"}],"wp:term":[{"taxonomy":"product_cat","embeddable":true,"href":"https:\/\/paosfuente.com\/index.php?rest_route=%2Fwp%2Fv2%2Fproduct_cat&post=1695"},{"taxonomy":"product_tag","embeddable":true,"href":"https:\/\/paosfuente.com\/index.php?rest_route=%2Fwp%2Fv2%2Fproduct_tag&post=1695"}],"curies":[{"name":"wp","href":"https:\/\/api.w.org\/{rel}","templated":true}]}}