{"id":1618,"date":"2024-02-14T23:34:24","date_gmt":"2024-02-14T23:34:24","guid":{"rendered":"https:\/\/paosfuente.com\/?post_type=product&#038;p=1618"},"modified":"2024-02-15T00:04:03","modified_gmt":"2024-02-15T00:04:03","slug":"formacion-mindfunless","status":"publish","type":"product","link":"https:\/\/paosfuente.com\/?product=formacion-mindfunless","title":{"rendered":"Formaci\u00f3n MindFunless"},"content":{"rendered":"","protected":false},"excerpt":{"rendered":"<p>Conciencia plena, respiraci\u00f3n consciente, Atenci\u00f3n plena en el presente en el aqu\u00ed y ahora!<\/p>\n<p>La formaci\u00f3n consta de varias sesiones por zoom o presencial.<\/p>\n","protected":false},"featured_media":1619,"comment_status":"open","ping_status":"closed","template":"","meta":{"_et_pb_use_builder":"","_et_pb_old_content":"","_et_gb_content_width":""},"product_cat":[22],"product_tag":[],"_links":{"self":[{"href":"https:\/\/paosfuente.com\/index.php?rest_route=\/wp\/v2\/product\/1618"}],"collection":[{"href":"https:\/\/paosfuente.com\/index.php?rest_route=\/wp\/v2\/product"}],"about":[{"href":"https:\/\/paosfuente.com\/index.php?rest_route=\/wp\/v2\/types\/product"}],"replies":[{"embeddable":true,"href":"https:\/\/paosfuente.com\/index.php?rest_route=%2Fwp%2Fv2%2Fcomments&post=1618"}],"wp:featuredmedia":[{"embeddable":true,"href":"https:\/\/paosfuente.com\/index.php?rest_route=\/wp\/v2\/media\/1619"}],"wp:attachment":[{"href":"https:\/\/paosfuente.com\/index.php?rest_route=%2Fwp%2Fv2%2Fmedia&parent=1618"}],"wp:term":[{"taxonomy":"product_cat","embeddable":true,"href":"https:\/\/paosfuente.com\/index.php?rest_route=%2Fwp%2Fv2%2Fproduct_cat&post=1618"},{"taxonomy":"product_tag","embeddable":true,"href":"https:\/\/paosfuente.com\/index.php?rest_route=%2Fwp%2Fv2%2Fproduct_tag&post=1618"}],"curies":[{"name":"wp","href":"https:\/\/api.w.org\/{rel}","templated":true}]}}