{"id":1593,"date":"2023-11-14T16:38:52","date_gmt":"2023-11-14T16:38:52","guid":{"rendered":"https:\/\/paosfuente.com\/?post_type=product&#038;p=1593"},"modified":"2023-11-14T17:24:37","modified_gmt":"2023-11-14T17:24:37","slug":"formacion-hoponopono","status":"publish","type":"product","link":"https:\/\/paosfuente.com\/?product=formacion-hoponopono","title":{"rendered":"Formaci\u00f3n Hoponopono"},"content":{"rendered":"<p>Se toma de forma online por zoom, cuenta con 21 clases 1 vez por semana.<br \/>\nAl finalizar este nivel se entregara un manual y el diploma.<\/p>\n<p>&#8212;-<\/p>\n<p>Formaci\u00f3n de Ho&#8217;oponopono:<\/p>\n<p>\u00a1Te damos la bienvenida a la inspiradora formaci\u00f3n de Ho&#8217;oponopono, un antiguo arte hawaiano de sanaci\u00f3n y reconciliaci\u00f3n! Este camino te invita a explorar la poderosa pr\u00e1ctica de la resoluci\u00f3n de problemas a trav\u00e9s del amor y la responsabilidad. En esta formaci\u00f3n, descubrir\u00e1s las herramientas fundamentales para liberar bloqueos, sanar relaciones y transformar tu vida.<\/p>\n<p>Ra\u00edces en la Sabidur\u00eda Hawaiana:<\/p>\n<p>Ho&#8217;oponopono tiene sus ra\u00edces en la sabidur\u00eda hawaiana, siendo un proceso de perd\u00f3n y reconciliaci\u00f3n. A trav\u00e9s de esta pr\u00e1ctica, aprender\u00e1s a purificar las energ\u00edas negativas y restaurar el equilibrio en tu vida.<\/p>\n<p>Limpiar y Sanar con las Cuatro Frases:<\/p>\n<p>La esencia de Ho&#8217;oponopono radica en las cuatro frases simples pero profundas: &#8220;Lo siento, perd\u00f3name, gracias, te amo&#8221;. Estas frases act\u00faan como herramientas de limpieza y sanaci\u00f3n para resolver conflictos internos y externos.<\/p>\n<p>Pr\u00e1ctica de la Responsabilidad:<\/p>\n<p>Ho&#8217;oponopono te ense\u00f1ar\u00e1 la importancia de asumir la responsabilidad por todas las experiencias, ya que todo forma parte de tu realidad. A trav\u00e9s de esta toma de responsabilidad, encontrar\u00e1s la libertad y la capacidad de cambiar tu percepci\u00f3n del mundo.<\/p>\n<p>Sanaci\u00f3n de Relaciones y Autotransformaci\u00f3n:<\/p>\n<p>Descubrir\u00e1s c\u00f3mo aplicar Ho&#8217;oponopono para sanar relaciones y autotransformarte. La pr\u00e1ctica constante de estas t\u00e9cnicas te guiar\u00e1 hacia un estado de paz interior y armon\u00eda con el entorno.<\/p>\n<p>Aplicaci\u00f3n Pr\u00e1ctica en la Vida Cotidiana:<\/p>\n<p>Ho&#8217;oponopono se integra f\u00e1cilmente en la vida cotidiana. Aprender\u00e1s a aplicar estas herramientas en situaciones diversas, desde desaf\u00edos personales hasta conflictos interpersonales.<\/p>\n<p>Transformaci\u00f3n Continua y Paz Interior:<\/p>\n<p>La formaci\u00f3n de Ho&#8217;oponopono no solo es un proceso, sino un viaje de transformaci\u00f3n continua. A medida que incorporas estas pr\u00e1cticas en tu vida, experimentar\u00e1s una profunda paz interior y un cambio positivo en tus relaciones y circunstancias.<\/p>\n<p>\u00a1Bienvenido\/a a la Sanaci\u00f3n y Transformaci\u00f3n con Ho&#8217;oponopono!<\/p>\n","protected":false},"excerpt":{"rendered":"<p>21 d\u00edas de curso<\/p>\n","protected":false},"featured_media":1594,"comment_status":"open","ping_status":"closed","template":"","meta":{"_et_pb_use_builder":"","_et_pb_old_content":"","_et_gb_content_width":""},"product_cat":[22],"product_tag":[],"_links":{"self":[{"href":"https:\/\/paosfuente.com\/index.php?rest_route=\/wp\/v2\/product\/1593"}],"collection":[{"href":"https:\/\/paosfuente.com\/index.php?rest_route=\/wp\/v2\/product"}],"about":[{"href":"https:\/\/paosfuente.com\/index.php?rest_route=\/wp\/v2\/types\/product"}],"replies":[{"embeddable":true,"href":"https:\/\/paosfuente.com\/index.php?rest_route=%2Fwp%2Fv2%2Fcomments&post=1593"}],"wp:featuredmedia":[{"embeddable":true,"href":"https:\/\/paosfuente.com\/index.php?rest_route=\/wp\/v2\/media\/1594"}],"wp:attachment":[{"href":"https:\/\/paosfuente.com\/index.php?rest_route=%2Fwp%2Fv2%2Fmedia&parent=1593"}],"wp:term":[{"taxonomy":"product_cat","embeddable":true,"href":"https:\/\/paosfuente.com\/index.php?rest_route=%2Fwp%2Fv2%2Fproduct_cat&post=1593"},{"taxonomy":"product_tag","embeddable":true,"href":"https:\/\/paosfuente.com\/index.php?rest_route=%2Fwp%2Fv2%2Fproduct_tag&post=1593"}],"curies":[{"name":"wp","href":"https:\/\/api.w.org\/{rel}","templated":true}]}}