{"id":1591,"date":"2023-11-14T16:24:52","date_gmt":"2023-11-14T16:24:52","guid":{"rendered":"https:\/\/paosfuente.com\/?post_type=product&#038;p=1591"},"modified":"2023-11-14T17:21:46","modified_gmt":"2023-11-14T17:21:46","slug":"formacion-reiki-maestria","status":"publish","type":"product","link":"https:\/\/paosfuente.com\/?product=formacion-reiki-maestria","title":{"rendered":"Formaci\u00f3n Reiki Maestr\u00eda"},"content":{"rendered":"<p>Se toma de forma presencial, cuenta con 4 clases de una duraci\u00f3n de 2 horas cada una un total de 8 horas.<br \/>\nAl finalizar este nivel se entregara un manual, el diploma y una meditaci\u00f3n grabada. <\/p>\n<p>&#8212;-<\/p>\n<p>Maestr\u00eda de la Energ\u00eda Universal:<\/p>\n<p>En el Nivel 4 de Reiki Ho, experimentar\u00e1s una sintonizaci\u00f3n profunda que elevar\u00e1 tu capacidad para canalizar y transmitir la energ\u00eda universal. Este proceso te permitir\u00e1 acceder a niveles m\u00e1s elevados de conciencia y poder energ\u00e9tico.<\/p>\n<p>S\u00edmbolos Maestros y su Profundo Significado:<\/p>\n<p>Te sumergir\u00e1s en el significado y la aplicaci\u00f3n pr\u00e1ctica de los s\u00edmbolos maestros. Estos s\u00edmbolos act\u00faan como llaves para abrir puertas hacia la esencia misma de la sanaci\u00f3n y la maestr\u00eda en Reiki Ho.<\/p>\n<p>Ense\u00f1anza y Gu\u00eda de Otros Practicantes:<\/p>\n<p>Este nivel te capacitar\u00e1 para ense\u00f1ar y guiar a otros en su propio viaje de sanaci\u00f3n. Aprender\u00e1s a realizar sintonizaciones, transmitir conocimientos y apoyar a aquellos que buscan profundizar en su pr\u00e1ctica de Reiki.<\/p>\n<p>Responsabilidad \u00c9tica y Espiritual Elevada:<\/p>\n<p>Con la Maestr\u00eda en Reiki Ho, asumir\u00e1s una mayor responsabilidad \u00e9tica y espiritual. Esta responsabilidad incluye el compromiso de liderar con integridad, compasi\u00f3n y respeto por la energ\u00eda universal y las personas a las que gu\u00edas.<\/p>\n<p>Expansi\u00f3n de tu Propia Maestr\u00eda Interior:<\/p>\n<p>Este nivel no solo implica la maestr\u00eda en la ense\u00f1anza de Reiki, sino tambi\u00e9n la expansi\u00f3n continua de tu propio crecimiento y comprensi\u00f3n espiritual. Ser\u00e1s guiado\/a hacia una mayor conexi\u00f3n con tu maestr\u00eda interior.<\/p>\n<p>Celebraci\u00f3n de tu Maestr\u00eda en Reiki Ho:<\/p>\n<p>La finalizaci\u00f3n del Nivel 4 marca la celebraci\u00f3n de tu maestr\u00eda en Reiki Ho. Este logro no solo representa el fin de tu formaci\u00f3n formal, sino el comienzo de tu papel como gu\u00eda y sanador maestro. \u00a1Celebra tu maestr\u00eda y prep\u00e1rate para compartir la luz de la sanaci\u00f3n con el mundo!<\/p>\n","protected":false},"excerpt":{"rendered":"<p>Se toma de forma presencial, cuenta con 4 clases de una duraci\u00f3n de 2 horas cada una un total de 8 horas. Al finalizar este nivel se entregara un manual, el diploma y una meditaci\u00f3n grabada. &#8212;- Maestr\u00eda de la Energ\u00eda Universal: En el Nivel 4 de Reiki Ho, experimentar\u00e1s una sintonizaci\u00f3n profunda que elevar\u00e1 [&hellip;]<\/p>\n","protected":false},"featured_media":1587,"comment_status":"open","ping_status":"closed","template":"","meta":{"_et_pb_use_builder":"","_et_pb_old_content":"","_et_gb_content_width":""},"product_cat":[22],"product_tag":[],"_links":{"self":[{"href":"https:\/\/paosfuente.com\/index.php?rest_route=\/wp\/v2\/product\/1591"}],"collection":[{"href":"https:\/\/paosfuente.com\/index.php?rest_route=\/wp\/v2\/product"}],"about":[{"href":"https:\/\/paosfuente.com\/index.php?rest_route=\/wp\/v2\/types\/product"}],"replies":[{"embeddable":true,"href":"https:\/\/paosfuente.com\/index.php?rest_route=%2Fwp%2Fv2%2Fcomments&post=1591"}],"wp:featuredmedia":[{"embeddable":true,"href":"https:\/\/paosfuente.com\/index.php?rest_route=\/wp\/v2\/media\/1587"}],"wp:attachment":[{"href":"https:\/\/paosfuente.com\/index.php?rest_route=%2Fwp%2Fv2%2Fmedia&parent=1591"}],"wp:term":[{"taxonomy":"product_cat","embeddable":true,"href":"https:\/\/paosfuente.com\/index.php?rest_route=%2Fwp%2Fv2%2Fproduct_cat&post=1591"},{"taxonomy":"product_tag","embeddable":true,"href":"https:\/\/paosfuente.com\/index.php?rest_route=%2Fwp%2Fv2%2Fproduct_tag&post=1591"}],"curies":[{"name":"wp","href":"https:\/\/api.w.org\/{rel}","templated":true}]}}