{"id":1588,"date":"2023-11-14T16:22:09","date_gmt":"2023-11-14T16:22:09","guid":{"rendered":"https:\/\/paosfuente.com\/?post_type=product&#038;p=1588"},"modified":"2023-11-14T17:20:23","modified_gmt":"2023-11-14T17:20:23","slug":"formacion-reiki-nivel-2","status":"publish","type":"product","link":"https:\/\/paosfuente.com\/?product=formacion-reiki-nivel-2","title":{"rendered":"Formaci\u00f3n Reiki Nivel 2"},"content":{"rendered":"<p>Se toma de forma presencial, cuenta con 4 clases de una duraci\u00f3n de 2 horas cada una un total de 8 horas.<br \/>\nAl finalizar este nivel se entregara un manual, el diploma y una meditaci\u00f3n grabada. <\/p>\n<p>&#8212;-<\/p>\n<p>Introducci\u00f3n a la Formaci\u00f3n de Reiki Nivel 2 &#8211; M\u00e9todo Reiki Ho:<\/p>\n<p>Bienvenido\/a a la emocionante etapa del Nivel 2 en la formaci\u00f3n de Reiki Ho, una experiencia enriquecedora que te invita a profundizar a\u00fan m\u00e1s en el arte de la sanaci\u00f3n energ\u00e9tica. En este nivel, te sumergir\u00e1s en pr\u00e1cticas avanzadas que ampliar\u00e1n tus habilidades y te empoderar\u00e1n como canal de energ\u00eda curativa.<\/p>\n<p>Exploraci\u00f3n de Nuevos Horizontes Energ\u00e9ticos:<\/p>\n<p>El Nivel 2 de Reiki Ho es un paso crucial en tu viaje hacia la maestr\u00eda en el arte de la sanaci\u00f3n. Durante esta formaci\u00f3n, te introducir\u00e1s en t\u00e9cnicas y conceptos que te permitir\u00e1n explorar nuevos horizontes energ\u00e9ticos y expandir tu capacidad para canalizar la energ\u00eda universal de manera m\u00e1s efectiva.<\/p>\n<p>S\u00edmbolos Sagrados y su Aplicaci\u00f3n Pr\u00e1ctica:<\/p>\n<p>Descubrir\u00e1s el significado y la aplicaci\u00f3n pr\u00e1ctica de s\u00edmbolos sagrados espec\u00edficos, potenciando tu habilidad para enfocar y dirigir la energ\u00eda en situaciones diversas. Estos s\u00edmbolos ser\u00e1n herramientas clave para el tratamiento a distancia, as\u00ed como para la atenci\u00f3n espec\u00edfica a nivel emocional y mental.<\/p>\n<p>Sanaci\u00f3n Profunda y Transformaci\u00f3n Personal:<\/p>\n<p>El Nivel 2 te proporcionar\u00e1 t\u00e9cnicas avanzadas para abordar aspectos emocionales y mentales m\u00e1s profundos, permiti\u00e9ndote trabajar en la sanaci\u00f3n de patrones arraigados y facilitar la transformaci\u00f3n personal. Este nivel te empodera para apoyar a otros en un nivel m\u00e1s completo y compasivo.<\/p>\n<p>Expansi\u00f3n de tus Habilidades como Canal de Energ\u00eda:<\/p>\n<p>Con la finalizaci\u00f3n de esta formaci\u00f3n, te convertir\u00e1s en un canal de energ\u00eda a\u00fan m\u00e1s capacitado, capaz de aplicar las ense\u00f1anzas de Reiki Ho de manera integral. Este nivel te brinda las herramientas necesarias para seguir creciendo y contribuyendo positivamente a tu propio bienestar y al de los dem\u00e1s.<\/p>\n<p>\u00a1Prep\u00e1rate para Profundizar en el Arte de la Sanaci\u00f3n!<\/p>\n","protected":false},"excerpt":{"rendered":"<p>Se toma de forma presencial, cuenta con 4 clases de una duraci\u00f3n de 2 horas cada una un total de 8 horas. Al finalizar este nivel se entregara un manual, el diploma y una meditaci\u00f3n grabada. &#8212;- Introducci\u00f3n a la Formaci\u00f3n de Reiki Nivel 2 &#8211; M\u00e9todo Reiki Ho: Bienvenido\/a a la emocionante etapa del [&hellip;]<\/p>\n","protected":false},"featured_media":1585,"comment_status":"open","ping_status":"closed","template":"","meta":{"_et_pb_use_builder":"","_et_pb_old_content":"","_et_gb_content_width":""},"product_cat":[22],"product_tag":[],"_links":{"self":[{"href":"https:\/\/paosfuente.com\/index.php?rest_route=\/wp\/v2\/product\/1588"}],"collection":[{"href":"https:\/\/paosfuente.com\/index.php?rest_route=\/wp\/v2\/product"}],"about":[{"href":"https:\/\/paosfuente.com\/index.php?rest_route=\/wp\/v2\/types\/product"}],"replies":[{"embeddable":true,"href":"https:\/\/paosfuente.com\/index.php?rest_route=%2Fwp%2Fv2%2Fcomments&post=1588"}],"wp:featuredmedia":[{"embeddable":true,"href":"https:\/\/paosfuente.com\/index.php?rest_route=\/wp\/v2\/media\/1585"}],"wp:attachment":[{"href":"https:\/\/paosfuente.com\/index.php?rest_route=%2Fwp%2Fv2%2Fmedia&parent=1588"}],"wp:term":[{"taxonomy":"product_cat","embeddable":true,"href":"https:\/\/paosfuente.com\/index.php?rest_route=%2Fwp%2Fv2%2Fproduct_cat&post=1588"},{"taxonomy":"product_tag","embeddable":true,"href":"https:\/\/paosfuente.com\/index.php?rest_route=%2Fwp%2Fv2%2Fproduct_tag&post=1588"}],"curies":[{"name":"wp","href":"https:\/\/api.w.org\/{rel}","templated":true}]}}