{"id":1583,"date":"2023-11-14T16:21:49","date_gmt":"2023-11-14T16:21:49","guid":{"rendered":"https:\/\/paosfuente.com\/?post_type=product&#038;p=1583"},"modified":"2023-11-14T17:20:07","modified_gmt":"2023-11-14T17:20:07","slug":"formacion-reiki-nivel-1","status":"publish","type":"product","link":"https:\/\/paosfuente.com\/?product=formacion-reiki-nivel-1","title":{"rendered":"Formaci\u00f3n Reiki Nivel 1"},"content":{"rendered":"<p>Se toma de forma presencial, cuenta con 4 clases de una duraci\u00f3n de 2 horas cada una un total de 8 horas.<br \/>\nAl finalizar este nivel se entregara un manual, el diploma y una meditaci\u00f3n grabada. <\/p>\n<p>&#8212;-<\/p>\n<p>Introducci\u00f3n a la Formaci\u00f3n de Reiki Ho Nivel 1:<\/p>\n<p>\u00a1Bienvenido\/a al inspirador comienzo de tu viaje en la formaci\u00f3n de Reiki Ho Nivel 1! Este nivel marca el punto de partida en tu exploraci\u00f3n del arte de la sanaci\u00f3n energ\u00e9tica. Durante esta formaci\u00f3n, descubrir\u00e1s los fundamentos esenciales que te permitir\u00e1n conectarte con la energ\u00eda universal de manera consciente y efectiva.<\/p>\n<p>Despertar del Canal Energ\u00e9tico:<\/p>\n<p>En el Nivel 1 de Reiki Ho, experimentar\u00e1s la activaci\u00f3n y despertar de tu canal energ\u00e9tico. Esta iniciaci\u00f3n te abrir\u00e1 a la recepci\u00f3n y canalizaci\u00f3n de la energ\u00eda curativa, permiti\u00e9ndote convertirte en un instrumento para la sanaci\u00f3n.<\/p>\n<p>Conexi\u00f3n con la Energ\u00eda Universal:<\/p>\n<p>Aprender\u00e1s a sintonizarte con la energ\u00eda universal que fluye a trav\u00e9s de todo, conect\u00e1ndote con una fuente inagotable de amor y sanaci\u00f3n. Esta conexi\u00f3n te brindar\u00e1 una herramienta poderosa para mejorar tu bienestar y el de los dem\u00e1s.<\/p>\n<p>T\u00e9cnicas B\u00e1sicas y Autotratamiento:<\/p>\n<p>Se te introducir\u00e1n t\u00e9cnicas fundamentales para la canalizaci\u00f3n de Reiki, incluyendo el autotratamiento. Estas pr\u00e1cticas te capacitar\u00e1n para equilibrar tu propio sistema energ\u00e9tico, promoviendo la armon\u00eda en todos los niveles.<\/p>\n<p>Principios \u00c9ticos y Fundamentales:<\/p>\n<p>Adem\u00e1s de las t\u00e9cnicas pr\u00e1cticas, explorar\u00e1s los principios \u00e9ticos fundamentales de Reiki Ho. Estos principios act\u00faan como gu\u00edas para una pr\u00e1ctica de sanaci\u00f3n respetuosa y compasiva.<\/p>\n<p>Inmersi\u00f3n en el Autodescubrimiento:<\/p>\n<p>El Nivel 1 es un viaje de autodescubrimiento. A medida que adquieres las habilidades para canalizar Reiki, tambi\u00e9n te sumerges en una profunda comprensi\u00f3n de tu propia energ\u00eda y potencial.<\/p>\n<p>Prep\u00e1rate para Abrazar tu Rol como Canal de Sanaci\u00f3n:<\/p>\n<p>Con la culminaci\u00f3n de este nivel, estar\u00e1s listo\/a para abrazar tu rol como canal de sanaci\u00f3n. Ya sea para tu propio bienestar o para ayudar a otros, el Nivel 1 de Reiki Ho establece las bases para un viaje significativo hacia la sanaci\u00f3n y el crecimiento personal. \u00a1Bienvenido\/a a esta maravillosa traves\u00eda!<\/p>\n","protected":false},"excerpt":{"rendered":"<p>Se toma de forma presencial, cuenta con 4 clases de una duraci\u00f3n de 2 horas cada una un total de 8 horas. Al finalizar este nivel se entregara un manual, el diploma y una meditaci\u00f3n grabada. &#8212;- Introducci\u00f3n a la Formaci\u00f3n de Reiki Ho Nivel 1: \u00a1Bienvenido\/a al inspirador comienzo de tu viaje en la [&hellip;]<\/p>\n","protected":false},"featured_media":1584,"comment_status":"open","ping_status":"closed","template":"","meta":{"_et_pb_use_builder":"","_et_pb_old_content":"","_et_gb_content_width":""},"product_cat":[22],"product_tag":[],"_links":{"self":[{"href":"https:\/\/paosfuente.com\/index.php?rest_route=\/wp\/v2\/product\/1583"}],"collection":[{"href":"https:\/\/paosfuente.com\/index.php?rest_route=\/wp\/v2\/product"}],"about":[{"href":"https:\/\/paosfuente.com\/index.php?rest_route=\/wp\/v2\/types\/product"}],"replies":[{"embeddable":true,"href":"https:\/\/paosfuente.com\/index.php?rest_route=%2Fwp%2Fv2%2Fcomments&post=1583"}],"wp:featuredmedia":[{"embeddable":true,"href":"https:\/\/paosfuente.com\/index.php?rest_route=\/wp\/v2\/media\/1584"}],"wp:attachment":[{"href":"https:\/\/paosfuente.com\/index.php?rest_route=%2Fwp%2Fv2%2Fmedia&parent=1583"}],"wp:term":[{"taxonomy":"product_cat","embeddable":true,"href":"https:\/\/paosfuente.com\/index.php?rest_route=%2Fwp%2Fv2%2Fproduct_cat&post=1583"},{"taxonomy":"product_tag","embeddable":true,"href":"https:\/\/paosfuente.com\/index.php?rest_route=%2Fwp%2Fv2%2Fproduct_tag&post=1583"}],"curies":[{"name":"wp","href":"https:\/\/api.w.org\/{rel}","templated":true}]}}