{"id":1399,"date":"2023-10-24T18:32:43","date_gmt":"2023-10-24T18:32:43","guid":{"rendered":"https:\/\/paosfuente.com\/?post_type=product&#038;p=1399"},"modified":"2025-08-03T05:56:01","modified_gmt":"2025-08-03T05:56:01","slug":"pendulo-cuantico","status":"publish","type":"product","link":"https:\/\/paosfuente.com\/?product=pendulo-cuantico","title":{"rendered":"P\u00e9ndulo Cu\u00e1ntico"},"content":{"rendered":"<p>El p\u00e9ndulo como herramienta para la armonizaci\u00f3n energ\u00e9tica<\/p>\n","protected":false},"excerpt":{"rendered":"<p>El p\u00e9ndulo como herramienta para la armonizaci\u00f3n energ\u00e9tica<\/p>\n","protected":false},"featured_media":1400,"comment_status":"open","ping_status":"closed","template":"","meta":{"_et_pb_use_builder":"","_et_pb_old_content":"","_et_gb_content_width":""},"product_cat":[15],"product_tag":[],"_links":{"self":[{"href":"https:\/\/paosfuente.com\/index.php?rest_route=\/wp\/v2\/product\/1399"}],"collection":[{"href":"https:\/\/paosfuente.com\/index.php?rest_route=\/wp\/v2\/product"}],"about":[{"href":"https:\/\/paosfuente.com\/index.php?rest_route=\/wp\/v2\/types\/product"}],"replies":[{"embeddable":true,"href":"https:\/\/paosfuente.com\/index.php?rest_route=%2Fwp%2Fv2%2Fcomments&post=1399"}],"wp:featuredmedia":[{"embeddable":true,"href":"https:\/\/paosfuente.com\/index.php?rest_route=\/wp\/v2\/media\/1400"}],"wp:attachment":[{"href":"https:\/\/paosfuente.com\/index.php?rest_route=%2Fwp%2Fv2%2Fmedia&parent=1399"}],"wp:term":[{"taxonomy":"product_cat","embeddable":true,"href":"https:\/\/paosfuente.com\/index.php?rest_route=%2Fwp%2Fv2%2Fproduct_cat&post=1399"},{"taxonomy":"product_tag","embeddable":true,"href":"https:\/\/paosfuente.com\/index.php?rest_route=%2Fwp%2Fv2%2Fproduct_tag&post=1399"}],"curies":[{"name":"wp","href":"https:\/\/api.w.org\/{rel}","templated":true}]}}