{"id":1388,"date":"2023-10-24T17:54:14","date_gmt":"2023-10-24T17:54:14","guid":{"rendered":"https:\/\/paosfuente.com\/?post_type=product&#038;p=1388"},"modified":"2024-10-25T20:25:03","modified_gmt":"2024-10-25T20:25:03","slug":"la-sanacion-de-utero","status":"publish","type":"product","link":"https:\/\/paosfuente.com\/?product=la-sanacion-de-utero","title":{"rendered":"Sanaci\u00f3n de \u00datero"},"content":{"rendered":"<p>La Sanaci\u00f3n del \u00datero, Se centra en la conexi\u00f3n, la sanaci\u00f3n y la activaci\u00f3n de los tres centros femeninos permitiendo el fluir de energ\u00eda entre ellos.<\/p>\n","protected":false},"excerpt":{"rendered":"<p>La Sanaci\u00f3n del \u00datero, Se centra en la conexi\u00f3n, la sanaci\u00f3n y la activaci\u00f3n de los tres centros femeninos permitiendo el fluir de energ\u00eda entre ellos.<\/p>\n","protected":false},"featured_media":1389,"comment_status":"open","ping_status":"closed","template":"","meta":{"_et_pb_use_builder":"","_et_pb_old_content":"","_et_gb_content_width":""},"product_cat":[15],"product_tag":[],"_links":{"self":[{"href":"https:\/\/paosfuente.com\/index.php?rest_route=\/wp\/v2\/product\/1388"}],"collection":[{"href":"https:\/\/paosfuente.com\/index.php?rest_route=\/wp\/v2\/product"}],"about":[{"href":"https:\/\/paosfuente.com\/index.php?rest_route=\/wp\/v2\/types\/product"}],"replies":[{"embeddable":true,"href":"https:\/\/paosfuente.com\/index.php?rest_route=%2Fwp%2Fv2%2Fcomments&post=1388"}],"wp:featuredmedia":[{"embeddable":true,"href":"https:\/\/paosfuente.com\/index.php?rest_route=\/wp\/v2\/media\/1389"}],"wp:attachment":[{"href":"https:\/\/paosfuente.com\/index.php?rest_route=%2Fwp%2Fv2%2Fmedia&parent=1388"}],"wp:term":[{"taxonomy":"product_cat","embeddable":true,"href":"https:\/\/paosfuente.com\/index.php?rest_route=%2Fwp%2Fv2%2Fproduct_cat&post=1388"},{"taxonomy":"product_tag","embeddable":true,"href":"https:\/\/paosfuente.com\/index.php?rest_route=%2Fwp%2Fv2%2Fproduct_tag&post=1388"}],"curies":[{"name":"wp","href":"https:\/\/api.w.org\/{rel}","templated":true}]}}